{"id":2,"date":"2025-08-28T23:08:01","date_gmt":"2025-08-28T23:08:01","guid":{"rendered":"http:\/\/bonnesoffresnews.com\/?page_id=2"},"modified":"2025-09-13T21:46:57","modified_gmt":"2025-09-13T21:46:57","slug":"accueil","status":"publish","type":"page","link":"https:\/\/bonnesoffresnews.com\/","title":{"rendered":"ACCUEIL"},"content":{"rendered":"\t\t<div data-elementor-type=\"wp-page\" data-elementor-id=\"2\" class=\"elementor elementor-2\">\n\t\t\t\t<div class=\"elementor-element elementor-element-6ec21847 e-flex e-con-boxed e-con e-parent\" data-id=\"6ec21847\" data-element_type=\"container\">\n\t\t\t\t\t<div class=\"e-con-inner\">\n\t\t<div class=\"elementor-element elementor-element-6a7fb54f e-con-full e-flex e-con e-child\" data-id=\"6a7fb54f\" data-element_type=\"container\">\n\t\t<div class=\"elementor-element elementor-element-1673a3d e-con-full e-flex e-con e-child\" data-id=\"1673a3d\" data-element_type=\"container\">\n\t\t\t\t<div class=\"elementor-element elementor-element-636bc10f elementor-widget elementor-widget-image\" data-id=\"636bc10f\" data-element_type=\"widget\" data-widget_type=\"image.default\">\n\t\t\t\t\t\t\t\t\t\t\t\t\t\t\t<img decoding=\"async\" src=\"https:\/\/bonnesoffresnews.com\/wp-content\/uploads\/2025\/08\/PDBO.png\" title=\"\" alt=\"\" loading=\"lazy\" \/>\t\t\t\t\t\t\t\t\t\t\t\t\t\t\t<\/div>\n\t\t\t\t<\/div>\n\t\t\t\t<\/div>\n\t\t<div class=\"elementor-element elementor-element-436b8539 e-con-full e-flex e-con e-child\" data-id=\"436b8539\" data-element_type=\"container\">\n\t\t\t\t<div class=\"elementor-element elementor-element-a2b9907 elementor-widget elementor-widget-heading\" data-id=\"a2b9907\" data-element_type=\"widget\" data-widget_type=\"heading.default\">\n\t\t\t\t\t<h3 class=\"elementor-heading-title elementor-size-default\">La bonne d\u00e9cision commence par la bonne information.<\/h3>\t\t\t\t<\/div>\n\t\t\t\t<div class=\"elementor-element elementor-element-6564bca2 elementor-widget elementor-widget-text-editor\" data-id=\"6564bca2\" data-element_type=\"widget\" data-widget_type=\"text-editor.default\">\n\t\t\t\t\t\t\t\t\t<p>La bonne d\u00e9cision commence par la bonne information \u00bb exprime une conviction simple : chaque choix \u00e9clair\u00e9 repose sur une base solide de donn\u00e9es fiables et compr\u00e9hensibles. Dans un monde satur\u00e9 de bruit et de d\u00e9sinformation, l\u2019essentiel n\u2019est pas d\u2019avoir plus d\u2019informations, mais d\u2019avoir les bonnes. Celles qui guident, rassurent et permettent d\u2019agir avec confiance. C\u2019est cette vision que nous portons : offrir clart\u00e9 et transparence pour transformer l\u2019information en d\u00e9cisions justes et efficaces.<\/p>\t\t\t\t\t\t\t\t<\/div>\n\t\t\t\t<\/div>\n\t\t\t\t\t<\/div>\n\t\t\t\t<\/div>\n\t\t\t\t<\/div>\n\t\t","protected":false},"excerpt":{"rendered":"<p>La bonne d\u00e9cision commence par la bonne information. La bonne d\u00e9cision commence par la bonne information \u00bb exprime une conviction simple : chaque choix \u00e9clair\u00e9 repose sur une base solide de donn\u00e9es fiables et compr\u00e9hensibles. Dans un monde satur\u00e9 de bruit et de d\u00e9sinformation, l\u2019essentiel n\u2019est pas d\u2019avoir plus d\u2019informations, mais d\u2019avoir les bonnes. Celles [&hellip;]<\/p>\n","protected":false},"author":1,"featured_media":0,"parent":0,"menu_order":0,"comment_status":"closed","ping_status":"closed","template":"","meta":{"footnotes":""},"class_list":["post-2","page","type-page","status-publish","hentry"],"_links":{"self":[{"href":"https:\/\/bonnesoffresnews.com\/index.php\/wp-json\/wp\/v2\/pages\/2","targetHints":{"allow":["GET"]}}],"collection":[{"href":"https:\/\/bonnesoffresnews.com\/index.php\/wp-json\/wp\/v2\/pages"}],"about":[{"href":"https:\/\/bonnesoffresnews.com\/index.php\/wp-json\/wp\/v2\/types\/page"}],"author":[{"embeddable":true,"href":"https:\/\/bonnesoffresnews.com\/index.php\/wp-json\/wp\/v2\/users\/1"}],"replies":[{"embeddable":true,"href":"https:\/\/bonnesoffresnews.com\/index.php\/wp-json\/wp\/v2\/comments?post=2"}],"version-history":[{"count":21,"href":"https:\/\/bonnesoffresnews.com\/index.php\/wp-json\/wp\/v2\/pages\/2\/revisions"}],"predecessor-version":[{"id":47,"href":"https:\/\/bonnesoffresnews.com\/index.php\/wp-json\/wp\/v2\/pages\/2\/revisions\/47"}],"wp:attachment":[{"href":"https:\/\/bonnesoffresnews.com\/index.php\/wp-json\/wp\/v2\/media?parent=2"}],"curies":[{"name":"wp","href":"https:\/\/api.w.org\/{rel}","templated":true}]}}